{"id":3,"date":"2022-08-03T09:20:02","date_gmt":"2022-08-03T09:20:02","guid":{"rendered":"http:\/\/rayner-aeon-eye-drops.local\/?page_id=3"},"modified":"2023-04-13T08:14:14","modified_gmt":"2023-04-13T08:14:14","slug":"datenschutzrichtlinie","status":"publish","type":"page","link":"https:\/\/aeoneyedrops.com\/de\/datenschutzrichtlinie\/","title":{"rendered":"Datenschutzrichtlinie"},"content":{"rendered":"\r\n<h1>DATENSCHUTZERKL\u00c4RUNG DER WEBSITE VON RAYNER<\/h1>\r\n<p>Melden Sie sich bitte nicht auf dieser Website an, wenn Sie nicht mit der Verarbeitung Ihrer Daten entsprechend dieser Datenschutzrichtlinie einverstanden sind. Sollten Sie Daten einer anderen Person auf dieser Website angeben, stellen Sie bitte sicher, dass Sie das entsprechende Einverst\u00e4ndnis eingeholt haben.<\/p>\r\n<p>Die Inhalte der Website <a href=\"http:\/\/www.aeoneyedrop.com\/de\">www.aeoneyedrops.com\/de<\/a> (\u201edie Website\u201c) werden von Rayner Intraocular Lenses Limited (\u201eRayner\u201d) erstellt und verwaltet. Im Sinne der Datenschutz-Grundverordnung [EG 2016\/679] ist der Datenverantwortliche Rayner mit Sitz in 10 Dominion Way, Worthing, West Sussex BN14 8AQ.<\/p>\r\n<p>Der Schutz Ihrer Daten ist uns ein wichtiges Anliegen.<\/p>\r\n<p>Diese Richtlinie (zusammen mit unseren Nutzungsbedingungen und jeglichen anderen Dokumenten, auf die darin verwiesen wird) bildet die Grundlage f\u00fcr die Verarbeitung der personenbezogenen Daten, die wir von Ihnen erfassen oder die Sie uns gegen\u00fcber bereitstellen. Lesen Sie diese Richtlinie bitte aufmerksam durch, damit Sie wissen, wie wir Ihre personenbezogenen Daten verarbeiten. Durch die Nutzung der Website erkl\u00e4ren Sie sich mit dieser Richtlinie einverstanden.<\/p>\r\n<p>Bitte lesen Sie diese Datenschutzrichtlinie regelm\u00e4\u00dfig durch, damit Sie \u00fcber eventuelle Neuerungen informiert sind. Diese Fassung wurde zuletzt am 14. M\u00e4rz 2019 aktualisiert.<\/p>\r\n<p>&nbsp;<\/p>\r\n<h5><strong>1. <\/strong><strong>VON UNS ERFASSTE INFORMATIONEN<\/strong><\/h5>\r\n<p>Die Informationen \u00fcber Nutzer dieser Website oder von ihnen selbst bereitgestellte Daten werden nicht direkt von uns erfasst. Die Informationen werden \u00fcber einen beauftragten Dritten (\u201eDienstanbieter\u201c) in unserem Namen erfasst. Der Dienstanbieter ist ein eingetragener Datenverantwortlicher. Der Dienstanbieter verwendet eine Reihe von Sicherheitsma\u00dfnahmen wie die Secure Sockets Layer Software (SSL), die Informationen verschl\u00fcsselt weitergibt und so die Sicherheit Ihrer auf der Website bereitgestellten Daten gew\u00e4hrleistet. Der Dienstanbieter hat seinen Sitz im Vereinigten K\u00f6nigreich.<\/p>\r\n<p>Die folgenden Informationen werden sowohl direkt als auch indirekt erfasst:<\/p>\r\n<h5>Direkte Informationserfassung<\/h5>\r\n<p>Personenbezogene Daten werden direkt erfasst, wenn Sie sich beispielsweise auf der Website registrieren, Online-Formulare ausf\u00fcllen oder mit uns per Post, Telefon oder E-Mail in Kontakt treten. Personenbezogene Daten sind Informationen, mit der Sie oder eine andere Person identifiziert werden k\u00f6nnen, wie zum Beispiel Name, Adresse oder Geburtsdatum. Dazu geh\u00f6ren auch personenbezogene Daten, die Sie uns zur Verf\u00fcgung gestellt haben, wenn Sie:<\/p>\r\n<ul>\r\n<li>ein Konto auf unserer Website erstellen<\/li>\r\n<li>unseren Service oder unsere Ver\u00f6ffentlichungen abonnieren<\/li>\r\n<li>die Zusendung von Marketing-Material anfordern<\/li>\r\n<li>an einem Wettbewerb, einer Werbeaktion oder Umfrage teilnehmen oder uns Feedback geben oder uns kontaktieren.<\/li>\r\n<\/ul>\r\n<h5><strong>Indirekte Informationen<\/strong><\/h5>\r\n<p>Tracking-Daten werden indirekt bei Ihrem Zugang zur Website erfasst. Diese Informationen werden automatisch erfasst. Bei jedem Besuch auf der Website erhalten wir automatisch folgende Informationen:<\/p>\r\n<ul>\r\n<li>Technische Informationen, einschlie\u00dflich der IP-Adresse (Internetprotokoll) Ihres Computers zur Herstellung einer Internetverbindung, Login-Informationen, Typ und Version des Browsers, Zeitzone, Typen und Versionen von Browser-Plug-ins, Betriebssystem und Plattform.<\/li>\r\n<li>Informationen \u00fcber Ihrem Besuch, einschlie\u00dflich komplettem Uniform Resource Locators (URL) Clickstream zu, durch die und von der Website<\/li>\r\n<li>(einschlie\u00dflich Datum und Zeit), Produkte, die Sie sich angesehen oder nach denen Sie gesucht haben, die Antwortzeit der Seiten, Download-Fehler, die Dauer des Besuchs auf bestimmten Seiten, Informationen \u00fcber die Interaktion von Seiten (wie Scrollen, Klicks und Mausbewegungen) sowie die verwendeten Methoden, um per Browser auf eine andere Seite zu wechseln.<\/li>\r\n<\/ul>\r\n<p>Tracking-Daten werden \u00fcber \u201eCookies\u201d bzw. kleine Dateien erfasst, die zum Beispiel verwendet werden k\u00f6nnen, um die von Ihnen besuchten Seiten zu verfolgen. Auch wenn die Cookies keine personenbezogenen Daten von Ihnen enthalten, sind sie doch f\u00fcr jeden Nutzer der Website einzigartig, sodass die Website-Computer zwischen verschiedenen Nutzern unterscheiden k\u00f6nnen. Weitere Informationen zu den Cookies und deren Verwendung finden Sie in unserer Cookie-Richtlinie.<\/p>\r\n<p>Wir erheben und nutzen auch aggregierte Daten wie statistische oder demografische Daten und geben diese weiter. Aggregierte Daten k\u00f6nnen aus Ihren personenbezogenen Daten stammen, gelten jedoch nicht als personenbezogene Daten, da diese Daten weder direkt noch indirekt Ihre Identit\u00e4t offenlegen. Wir k\u00f6nnen etwa Ihre Nutzungsdaten aggregieren, um den Prozentsatz der Nutzer zu berechnen, die auf eine bestimmte Funktion der Website zugreifen. Sollten wir aggregierte Daten mit Ihren personenbezogenen Daten kombinieren oder verbinden, sodass Sie direkt oder indirekt identifiziert werden k\u00f6nnen, behandeln wir die kombinierten Daten als personenbezogene Daten in \u00dcbereinstimmung mit dieser Datenschutzrichtlinie.<\/p>\r\n<p>Wir erfassen keine besonderen Arten von personenbezogenen Daten \u00fcber Sie (dazu geh\u00f6ren Angaben zu Ihrer Rasse oder ethnischen Zugeh\u00f6rigkeit, zu religi\u00f6sen oder philosophischen \u00dcberzeugungen, Sexualleben, sexueller Orientierung, politischen Meinungen, Gewerkschaftsmitgliedschaft, Informationen \u00fcber Ihren Gesundheitszustand sowie genetische und biometrische Daten). Wir erfassen auch keine Informationen \u00fcber strafrechtliche Verurteilungen und Straftaten.<\/p>\r\n<p>&nbsp;<\/p>\r\n<h5><strong>2. <\/strong><strong>WIE WIR DIESE INFORMATIONEN NUTZEN<\/strong><\/h5>\r\n<p>Wir verwenden Ihre personenbezogenen Daten nur dann, wenn dies gesetzlich zul\u00e4ssig ist. In den meisten F\u00e4llen verwenden wir Ihre personenbezogenen Daten unter den folgenden Umst\u00e4nden:<\/p>\r\n<ul>\r\n<li>Wenn wir den Vertrag erf\u00fcllen m\u00fcssen, den wir mit Ihnen abschlie\u00dfen bzw. mit Ihnen abgeschlossen haben.<\/li>\r\n<li>Wenn dies f\u00fcr unsere rechtm\u00e4\u00dfigen Interessen (oder die Interessen eines Dritten) erforderlich ist und diese Interessen mit Ihren Interessen und Grundrechten vereinbar sind.<\/li>\r\n<li>Wenn wir einer gesetzlichen Verpflichtung nachkommen m\u00fcssen.<\/li>\r\n<\/ul>\r\n<p>Generell verlassen wir uns nicht auf die Einwilligung als Rechtsgrundlage f\u00fcr die Verarbeitung Ihrer personenbezogenen Daten, auch wenn wir Ihre Einwilligung einholen, bevor wir Ihnen Direktwerbung Dritter zusenden. Sie haben das Recht, Ihr Einverst\u00e4ndnis zum Marketing jederzeit zu widerrufen, indem Sie uns kontaktieren.<\/p>\r\n<h5>Personenbezogene Daten<\/h5>\r\n<p>Diese Informationen werden sicher vom Dienstanbieter verwaltet und wir greifen darauf zu, um Ihre Anfragen zu bearbeiten, damit wir Ihnen die ben\u00f6tigten oder von Ihnen angefragten Angaben zu unseren Produkten machen k\u00f6nnen. Weiterhin nutzen wir die Daten f\u00fcr die Abwicklung von Bestellungen, f\u00fcr die Kommunikation mit Ihnen, um sicherzustellen, dass der Inhalt der Website f\u00fcr Sie und Ihren Computer so sinnvoll wie m\u00f6glich dargestellt wird, und generell, um Ihr Konto bei uns zu f\u00fchren. Zu diesem Zweck werden einige oder alle von Ihnen bereitgestellten personenbezogenen Daten vom Dienstanbieter an uns weitergegeben oder von uns vervielf\u00e4ltigt und in unseren eigenen Datenbanken abgelegt. Der Dienstanbieter kann auf die Informationen zugreifen, um seine Aufgaben zu erf\u00fcllen, kann diese jedoch nicht f\u00fcr andere Zwecke verwenden.<\/p>\r\n<p>Personenbezogene Daten werden so lange aufbewahrt, wie dies in angemessener Weise erforderlich ist, um Ihnen die ben\u00f6tigten Produkte oder Dienstleistungen anbieten zu k\u00f6nnen.<\/p>\r\n<h5>Tracking-Data<\/h5>\r\n<p>Wir verwenden diese Informationen:<\/p>\r\n<ul>\r\n<li>um die Website zu verwalten und f\u00fcr interne Abl\u00e4ufe, dazu geh\u00f6ren Fehlersuche, Datenanalyse, Tests und Forschung sowie f\u00fcr Erhebungen und Analysen.<\/li>\r\n<li>um die Website so zu optimieren, dass der Inhalt in der bestm\u00f6glichen Form f\u00fcr Sie und Ihren Computer dargeboten wird.<\/li>\r\n<li>um Ihre Teilnahme an den interaktiven Aspekten unseres Angebots zu erm\u00f6glichen, wenn Sie dies w\u00fcnschen<\/li>\r\n<li>als Teil unserer Bem\u00fchungen, die Website sicher und gesch\u00fctzt zu halten.<\/li>\r\n<li>um die Wirksamkeit der Werbema\u00dfnahmen Ihnen oder anderen gegen\u00fcber zu messen und Ihnen relevante Werbebotschaften zu senden.<\/li>\r\n<li>um Ihnen und anderen Nutzern der Website Vorschl\u00e4ge und Empfehlungen zu Produkten oder Dienstleistungen zu unterbreiten, die f\u00fcr Sie oder die anderen interessant sein k\u00f6nnten.<\/li>\r\n<\/ul>\r\n<h5><strong><br \/>3. <\/strong><strong>L\u00d6SCHEN PERSONENBEZOGENER DATEN UND \u201eOPT-OUT\u201d<\/strong><\/h5>\r\n<p>Wenn Sie uns gegen\u00fcber personenbezogene Daten bereitgestellt haben, die aus unseren Datenbanken und\/oder den Datenbanken unseres Dienstanbieters gel\u00f6scht werden sollen, teilen Sie uns dies bitte mit, indem Sie eine E-Mail senden an <a href=\"mailto:iol_enquiries@rayner.com\">iol_enquiries@rayner.com<\/a><\/p>\r\n<p>Sollten Sie Ihre pers\u00f6nlichen Kontaktdaten bereitgestellt haben, aber nicht w\u00fcnschen, dass diese f\u00fcr die Zusendung von Werbematerialien genutzt werden, senden Sie uns eine E-Mail an die oben genannte Adresse. Sie k\u00f6nnen Ihre Zustimmung zum Erhalt dieser Materialien jederzeit widerrufen.<\/p>\r\n<p>&nbsp;<\/p>\r\n<h5><strong>4. <\/strong><strong>AKTUALISIERUNG PERSONENBEZOGENER DATEN<\/strong><\/h5>\r\n<p>Sollte eine Aktualisierung der \u00fcber unsere Website eingegebenen personenbezogenen Daten notwendig werden, k\u00f6nnen Sie uns \u00c4nderungen an die oben genannte E-Mail-Adresse mitteilen.<\/p>\r\n<p>&nbsp;<\/p>\r\n<h5><strong>5. <\/strong><strong>OFFENLEGUNG IHRER DATEN<\/strong><\/h5>\r\n<p>Ihre personenbezogenen Daten k\u00f6nnen gem\u00e4\u00df Abschnitt 1159 des britischen Gesetzes \u00fcber Kapitalgesellschaften (UK Companies Act) aus dem Jahre 2006 an andere Konzernmitglieder weitergegeben werden. Dies umfasst unsere Tochtergesellschaften sowie die Holding-Dachgesellschaft.<\/p>\r\n<p>Wir k\u00f6nnen Ihre Informationen an bestimmte Dritte weitergeben, dazu geh\u00f6ren:<\/p>\r\n<ul>\r\n<li>Dienstanbieter, die IT- und Systemadministrationsdienste anbieten.<\/li>\r\n<li>Professionelle Berater, einschlie\u00dflich Anw\u00e4lte, Bankmitarbeiter, Wirtschaftspr\u00fcfer und Versicherer, die Beratungs-, Bank-, Rechts-, Versicherungs- und Buchhaltungsdienstleistungen anbieten.<\/li>\r\n<li>Die britische Steuer- und Zollbeh\u00f6rde HM Revenue &amp; Customs, Regulierungsbeh\u00f6rden und andere Beh\u00f6rden, die eine Meldung \u00fcber die Verarbeitungst\u00e4tigkeiten unter bestimmten Umst\u00e4nden verlangen.<\/li>\r\n<li>Analytiker und Anbieter von Suchmaschinen, die uns bei der Verbesserung und Optimierung unserer Website behilflich sind.<\/li>\r\n<\/ul>\r\n<p>Wir k\u00f6nnen Ihre personenbezogenen Daten Dritten gegen\u00fcber offenlegen:<\/p>\r\n<ul>\r\n<li>Wenn wir ein Unternehmen oder Verm\u00f6genswerte kaufen oder verkaufen, k\u00f6nnen wir Ihre pers\u00f6nlichen Daten an den potenziellen Verk\u00e4ufer oder Kaufinteressenten weitergeben.<\/li>\r\n<li>Wenn Rayner oder ein wesentlicher Teil seiner Verm\u00f6genswerte von einem Dritten erworben wird. Im Zuge des Verkaufs werden auch pers\u00f6nliche Kundendaten mit ver\u00e4u\u00dfert,<\/li>\r\n<li>Wenn wir laut Gesetz verpflichtet sind, Ihre personenbezogenen Daten offenzulegen oder weiterzugeben oder um unsere Nutzungsbedingungen sowie andere Vereinbarungen durchzusetzen oder anzuwenden; oder um die Rechte, das Eigentum oder die Sicherheit von Rayner Intraocular Lenses Limited, unseren Kunden oder Dritten zu sch\u00fctzen.<\/li>\r\n<\/ul>\r\n<p>Wir verlangen von allen Dritten, dass sie die Sicherheit Ihrer personenbezogenen Daten respektieren und diese gesetzeskonform behandeln. Wir erlauben unseren Drittanbietern nicht, Ihre personenbezogenen Daten f\u00fcr deren eigenen Zwecke zu verwenden, sondern gestatten ihnen nur, Ihre personenbezogenen Daten f\u00fcr bestimmte Zwecke und in \u00dcbereinstimmung mit unseren Anweisungen zu verarbeiten.<\/p>\r\n<h5>\u00a0<\/h5>\r\n<h5>\u00a0<\/h5>\r\n<h5><strong>6. <\/strong><strong>INTERNATIONALE DATEN\u00dcBERMITTLUNGEN<\/strong><\/h5>\r\n<p>Im Allgemeinen \u00fcbermitteln wir Ihre personenbezogenen Daten nicht au\u00dferhalb des Europ\u00e4ischen Wirtschaftsraums (EWR).<\/p>\r\n<p>Eine Ausnahme von dieser allgemeinen Regel besteht, wenn personenbezogene Daten im Zusammenhang mit einer Produktanfrage f\u00fcr eine Rechtsordnung au\u00dferhalb des EWR bereitgestellt werden.<\/p>\r\n<p>Unter diesen Umst\u00e4nden werden wir derartige personenbezogene Daten (einschlie\u00dflich Name und Kontaktdaten) an unseren autorisierten Vertriebspartner in der jeweiligen Rechtsordnung weitergeben.<\/p>\r\n<p>&nbsp;<\/p>\r\n<h5><strong>7. <\/strong><strong>DATENSICHERHEIT UND DATENSCHUTZVERLETZUNGEN<\/strong><\/h5>\r\n<p>Wir verf\u00fcgen \u00fcber geeignete Sicherheitsma\u00dfnahmen, um zu verhindern, dass Ihre personenbezogenen Daten versehentlich verloren gehen, auf unbefugte Weise verwendet oder abgerufen, ver\u00e4ndert oder offengelegt werden. Dar\u00fcber hinaus beschr\u00e4nken wir den Zugriff auf Ihre personenbezogenen Daten auf Mitarbeiter, Vertreter, Auftragnehmer und andere Dritte, die aufgrund ihrer Gesch\u00e4ftst\u00e4tigkeit von diesen Daten Kenntnis haben m\u00fcssen. Diese werden Ihre personenbezogenen Daten nur auf unsere Weisung hin verarbeiten und unterliegen der Geheimhaltungspflicht.<\/p>\r\n<p>Wir verf\u00fcgen \u00fcber Verfahren f\u00fcr den Umgang mit mutma\u00dflichen Verst\u00f6\u00dfen gegen den Schutz personenbezogener Daten und werden Sie und alle zust\u00e4ndigen Aufsichtsbeh\u00f6rden \u00fcber einen Versto\u00df informieren, wenn wir gesetzlich dazu verpflichtet sind.<\/p>\r\n<p>&nbsp;<\/p>\r\n<h5><strong>8. <\/strong><strong>DATENAUFBEWAHRUNG<\/strong><\/h5>\r\n<p>Nach dem Gesetz m\u00fcssen wir aus steuerlichen Gr\u00fcnden grundlegende Informationen \u00fcber unsere Kunden (einschlie\u00dflich Kontakt-, Identit\u00e4ts-, Finanz- und Transaktionsdaten) sechs Jahre lang aufbewahren, nachdem sie nicht mehr Kunde sind.<\/p>\r\n<p>Unter bestimmten Umst\u00e4nden k\u00f6nnen Sie von uns verlangen, Ihre Daten zu l\u00f6schen: Weitere Informationen finden Sie unten unter \u201eIhre Rechtsanspr\u00fcche\u201c weiter unten.<\/p>\r\n<p>Unter bestimmten Umst\u00e4nden werden wir Ihre personenbezogenen Daten (damit sie nicht mehr mit Ihnen in Verbindung gebracht werden k\u00f6nnen) f\u00fcr Forschungs- oder statistische Zwecke anonymisieren; in diesem Fall k\u00f6nnen wir diese Informationen auf unbestimmte Zeit verwenden, ohne Sie weiter zu benachrichtigen.<\/p>\r\n<p>&nbsp;<\/p>\r\n<h5><strong>9. <\/strong><strong>IHRE RECHTSANSPR\u00dcCHE<\/strong><\/h5>\r\n<p>Unter bestimmten Umst\u00e4nden haben Sie datenschutzrechtliche Anspr\u00fcche in Bezug auf Ihre personenbezogenen Daten. Bitte klicken Sie auf die untenstehenden Links, um mehr \u00fcber diese Rechte zu erfahren: o Antrag auf Zugang zu Ihren personenbezogenen Daten.<\/p>\r\n<ul>\r\n<li>Beantragung der Korrektur Ihrer personenbezogenen Daten.<\/li>\r\n<li>Beantragung der L\u00f6schung Ihrer personenbezogenen Daten.<\/li>\r\n<li>Einspruch gegen die Verarbeitung Ihrer personenbezogenen Daten.<\/li>\r\n<li>Beantragung einer eingeschr\u00e4nkten Verarbeitung Ihrer personenbezogenen Daten.<\/li>\r\n<li>Beantragung der \u00dcbermittlung Ihrer personenbezogenen Daten.<\/li>\r\n<li>Anspruch auf Widerruf des Einverst\u00e4ndnisses.<\/li>\r\n<\/ul>\r\n<h5><strong>Wenn Sie eines der oben genannten Rechte aus\u00fcben m\u00f6chten, kontaktieren Sie uns bitte unter iol_enquiries@rayner.com.<\/strong><\/h5>\r\n<h5><strong>In der Regel keine Geb\u00fchr erforderlich.<\/strong><\/h5>\r\n<h5>F\u00fcr den Zugriff auf Ihre personenbezogenen Daten (oder die Aus\u00fcbung eines der anderen Rechte) m\u00fcssen Sie keine Geb\u00fchr entrichten. Wir k\u00f6nnen jedoch eine angemessene Geb\u00fchr erheben, wenn Ihre Anfrage offensichtlich unbegr\u00fcndet, mehrmalig oder unverh\u00e4ltnism\u00e4\u00dfig ist. Andernfalls k\u00f6nnten wir uns unter diesen Umst\u00e4nden weigern, Ihrer Anfrage nachzukommen.<\/h5>\r\n<h5><strong>\u00a0<\/strong><\/h5>\r\n<h5><strong>Was wir von Ihnen m\u00f6glicherweise ben\u00f6tigen<\/strong><\/h5>\r\n<p>M\u00f6glicherweise m\u00fcssen wir von Ihnen bestimmte Informationen anfordern, die uns helfen, Ihre Identit\u00e4t zu best\u00e4tigen und Ihr Recht auf den Zugang zu Ihren personenbezogenen Daten (oder die Aus\u00fcbung eines Ihrer anderen Rechte) zu gew\u00e4hrleisten. Dies ist eine Sicherheitsma\u00dfnahme, um sicherzustellen, dass personenbezogene Daten nicht an Personen weitergegeben werden, die kein Recht darauf haben. M\u00f6glicherweise setzen wir uns auch mit Ihnen in Verbindung, um Sie um weitere Informationen im Zusammenhang mit Ihrer Anfrage zu ersuchen und unsere Antwort zu beschleunigen.<\/p>\r\n<h5>Antwortfrist<\/h5>\r\n<p>Wir sind bem\u00fcht, auf alle rechtm\u00e4\u00dfigen Anfragen innerhalb eines Monats zu antworten. Gelegentlich kann es l\u00e4nger als einen Monat dauern, wenn Ihre Anfrage besonders komplex ist oder Sie mehrere Anfragen gestellt haben. In diesem Fall werden wir Sie entsprechend informieren und auf dem Laufenden halten.<\/p>\r\n<p>&nbsp;<\/p>\r\n<h5><strong>10. <\/strong><strong>LINKS ZU WEBSITES DRITTER<\/strong><\/h5>\r\n<p>Die Website kann Links oder Verweise auf Websites von Dritten enthalten. Diese Websites unterliegen nicht unserer Kontrolle und wir haften nicht f\u00fcr die Nutzung Ihrer Informationen durch diese Websites.<\/p>\r\n<p>&nbsp;<\/p>\r\n<h5><strong>11. <\/strong><strong>KONTAKTINFORMATIONEN<\/strong><\/h5>\r\n<p>Sollten Sie Fragen zu unserer Datenschutzrichtlinie haben, schreiben Sie bitte an Rayner, 10 Dominion Way, Worthing, West Sussex BN14 8AQ oder senden Sie uns eine E-Mail an <a href=\"mailto:enquiries@rayner.com\">enquiries@rayner.com<\/a><\/p>\r\n<p>\u00a9 2023 Rayner Group<\/p>\r\n","protected":false},"excerpt":{"rendered":"<p>DATENSCHUTZERKL\u00c4RUNG DER WEBSITE VON RAYNER Melden Sie sich bitte nicht auf dieser Website an, wenn Sie&#8230;<\/p>\n","protected":false},"author":1,"featured_media":0,"parent":0,"menu_order":102,"comment_status":"closed","ping_status":"closed","template":"page-basic.php","meta":{"inline_featured_image":false},"acf":[],"_links":{"self":[{"href":"https:\/\/aeoneyedrops.com\/de\/wp-json\/wp\/v2\/pages\/3"}],"collection":[{"href":"https:\/\/aeoneyedrops.com\/de\/wp-json\/wp\/v2\/pages"}],"about":[{"href":"https:\/\/aeoneyedrops.com\/de\/wp-json\/wp\/v2\/types\/page"}],"author":[{"embeddable":true,"href":"https:\/\/aeoneyedrops.com\/de\/wp-json\/wp\/v2\/users\/1"}],"replies":[{"embeddable":true,"href":"https:\/\/aeoneyedrops.com\/de\/wp-json\/wp\/v2\/comments?post=3"}],"version-history":[{"count":4,"href":"https:\/\/aeoneyedrops.com\/de\/wp-json\/wp\/v2\/pages\/3\/revisions"}],"predecessor-version":[{"id":879,"href":"https:\/\/aeoneyedrops.com\/de\/wp-json\/wp\/v2\/pages\/3\/revisions\/879"}],"wp:attachment":[{"href":"https:\/\/aeoneyedrops.com\/de\/wp-json\/wp\/v2\/media?parent=3"}],"curies":[{"name":"wp","href":"https:\/\/api.w.org\/{rel}","templated":true}]}}