{"id":470,"date":"2022-08-11T08:24:16","date_gmt":"2022-08-11T08:24:16","guid":{"rendered":"http:\/\/rayner-aeon-eye-drops.local\/?page_id=22"},"modified":"2023-04-11T16:12:34","modified_gmt":"2023-04-11T16:12:34","slug":"verwendung-von-cookies","status":"publish","type":"page","link":"https:\/\/aeoneyedrops.com\/de\/verwendung-von-cookies\/","title":{"rendered":"Verwendung von Cookies"},"content":{"rendered":"<p>Diese Website verwendet Cookies, um Sie von anderen Benutzern zu unterscheiden. Es erm\u00f6glicht uns,die Website stetig zu verbessern und Ihnen eine gute Erfahrung zu bieten. Wenn Sie auf der Website weitersurfen, erkl\u00e4ren Sie sich mit der Verwendung von Cookies einverstanden.<\/p>\n<article id=\"post-246\" class=\"post-246 page type-page status-publish hentry\">\n<div class=\"entry-content\">\n<div class=\"page-content\">\n<p>Ein Cookie ist eine kleine Datei aus Buchstaben und Zahlen, die wir in Einverst\u00e4ndnis mit Ihnen auf Ihrem Browser oder auf der Festplatte Ihres Computers speichern. Cookies enthalten Informationen, die auf die Festplatte Ihres Computers \u00fcbertragen werden.<\/p>\n<p>Wir verwenden folgende Cookies:<\/p>\n<ul>\n<li><strong>Unbedingt erforderliche Cookies.<\/strong>\u00a0Dies sind Cookies, die f\u00fcr die Funktion der Website notwendig sind. Dazu geh\u00f6ren z. B. Cookies, mit denen Sie sich in gesicherte Bereiche der Website einloggen k\u00f6nnen.<\/li>\n<li><strong>Cookies f\u00fcr Analysezwecke und Leistungsbewertung.<\/strong>\u00a0Mit diesen Cookies k\u00f6nnen wir Besucher wiedererkennen und ihre Anzahl bestimmen; weiterhin sehen wir, wie Besucher auf unserer Website navigieren. Damit k\u00f6nnen wir die Funktionsweise der Website verbessern, indem wir zum Beispiel daf\u00fcr sorgen, dass die Nutzer einfacher die gesuchten Inhalte finden.<\/li>\n<li><strong>Cookies f\u00fcr die Funktionsf\u00e4higkeit.<\/strong>\u00a0Diese Cookies erkennen Nutzer wieder, die unsere Website bereits besucht haben. Damit haben wir die M\u00f6glichkeit, unsere Inhalte f\u00fcr Sie zu personalisieren, Sie mit Ihrem Namen zu begr\u00fc\u00dfen und Ihre Pr\u00e4ferenzen zu speichern.<\/li>\n<li><strong>Zielorientierte Cookies.<\/strong>\u00a0Diese Cookies registrieren Ihren Besuch auf der Website, die von Ihnen besuchten Seiten und die aufgerufenen Links. Diese Informationen nutzen wir, um die Website auf Ihre Interessen auszurichten. Zu diesem Zweck k\u00f6nnen wir diese Informationen auch an Dritte weitergeben.<\/li>\n<\/ul>\n<p>Beachten Sie bitte, dass Dritte (dazu geh\u00f6ren z. B. Werbenetzwerke und Anbieter von externen Dienstleistungen wie etwa Analysedienste zum Internetverkehr) auch Cookies verwenden k\u00f6nnen, \u00fcber die wir keine Kontrolle haben. Bei diesen Cookies handelt es sich wahrscheinlich um Cookies f\u00fcr Analysezwecke und Leistungsbewertung sowie zielorientierte Cookies.<\/p>\n<p>Cookies k\u00f6nnen \u00fcber Ihre Browser-Einstellungen blockiert werden. Hier haben Sie die M\u00f6glichkeit, die Speicherung aller oder einzelner Cookies abzulehnen. Wenn Sie in Ihren Browser-Einstellungen alle Cookies blockieren (auch die grundlegenden Cookies), ist es m\u00f6glich, dass Sie auf die Website oder Teile davon nicht zugreifen k\u00f6nnen.<\/p>\n<p>\u00a9 2023 Rayner Group<\/p>\n<\/div>\n<\/div>\n<\/article>\n","protected":false},"excerpt":{"rendered":"<p>Diese Website verwendet Cookies, um Sie von anderen Benutzern zu unterscheiden. Es erm\u00f6glicht uns,die Website stetig&#8230;<\/p>\n","protected":false},"author":1,"featured_media":0,"parent":0,"menu_order":100,"comment_status":"closed","ping_status":"closed","template":"page-basic.php","meta":{"inline_featured_image":false},"acf":[],"_links":{"self":[{"href":"https:\/\/aeoneyedrops.com\/de\/wp-json\/wp\/v2\/pages\/470"}],"collection":[{"href":"https:\/\/aeoneyedrops.com\/de\/wp-json\/wp\/v2\/pages"}],"about":[{"href":"https:\/\/aeoneyedrops.com\/de\/wp-json\/wp\/v2\/types\/page"}],"author":[{"embeddable":true,"href":"https:\/\/aeoneyedrops.com\/de\/wp-json\/wp\/v2\/users\/1"}],"replies":[{"embeddable":true,"href":"https:\/\/aeoneyedrops.com\/de\/wp-json\/wp\/v2\/comments?post=470"}],"version-history":[{"count":5,"href":"https:\/\/aeoneyedrops.com\/de\/wp-json\/wp\/v2\/pages\/470\/revisions"}],"predecessor-version":[{"id":878,"href":"https:\/\/aeoneyedrops.com\/de\/wp-json\/wp\/v2\/pages\/470\/revisions\/878"}],"wp:attachment":[{"href":"https:\/\/aeoneyedrops.com\/de\/wp-json\/wp\/v2\/media?parent=470"}],"curies":[{"name":"wp","href":"https:\/\/api.w.org\/{rel}","templated":true}]}}